{"id":14,"date":"2023-06-28T13:33:52","date_gmt":"2023-06-28T11:33:52","guid":{"rendered":"http:\/\/test-1.boxer-klub-herzogenrath.de\/wordpress\/?page_id=14"},"modified":"2024-06-09T16:49:46","modified_gmt":"2024-06-09T16:49:46","slug":"training","status":"publish","type":"page","link":"https:\/\/boxer-klub-herzogenrath.de\/?page_id=14","title":{"rendered":"Training"},"content":{"rendered":"\t\t<div data-elementor-type=\"wp-page\" data-elementor-id=\"14\" class=\"elementor elementor-14\">\n\t\t\t\t\t\t<section class=\"elementor-section elementor-top-section elementor-element elementor-element-59202b5 elementor-section-boxed elementor-section-height-default elementor-section-height-default\" data-id=\"59202b5\" data-element_type=\"section\">\n\t\t\t\t\t\t<div class=\"elementor-container elementor-column-gap-default\">\n\t\t\t\t\t<div class=\"elementor-column elementor-col-100 elementor-top-column elementor-element elementor-element-8070d7d\" data-id=\"8070d7d\" data-element_type=\"column\">\n\t\t\t<div class=\"elementor-widget-wrap elementor-element-populated\">\n\t\t\t\t\t\t<div class=\"elementor-element elementor-element-74bfbd2 elementor-widget elementor-widget-heading\" data-id=\"74bfbd2\" data-element_type=\"widget\" data-widget_type=\"heading.default\">\n\t\t\t\t<div class=\"elementor-widget-container\">\n\t\t\t<style>\/*! elementor - v3.21.0 - 26-05-2024 *\/\n.elementor-heading-title{padding:0;margin:0;line-height:1}.elementor-widget-heading .elementor-heading-title[class*=elementor-size-]>a{color:inherit;font-size:inherit;line-height:inherit}.elementor-widget-heading .elementor-heading-title.elementor-size-small{font-size:15px}.elementor-widget-heading .elementor-heading-title.elementor-size-medium{font-size:19px}.elementor-widget-heading .elementor-heading-title.elementor-size-large{font-size:29px}.elementor-widget-heading .elementor-heading-title.elementor-size-xl{font-size:39px}.elementor-widget-heading .elementor-heading-title.elementor-size-xxl{font-size:59px}<\/style><h2 class=\"elementor-heading-title elementor-size-default\">Offizielle Trainingszeiten des BK-Herzogenrath<\/h2>\t\t<\/div>\n\t\t\t\t<\/div>\n\t\t\t\t<div class=\"elementor-element elementor-element-6a65f35 elementor-widget elementor-widget-spacer\" data-id=\"6a65f35\" data-element_type=\"widget\" data-widget_type=\"spacer.default\">\n\t\t\t\t<div class=\"elementor-widget-container\">\n\t\t\t<style>\/*! elementor - v3.21.0 - 26-05-2024 *\/\n.elementor-column .elementor-spacer-inner{height:var(--spacer-size)}.e-con{--container-widget-width:100%}.e-con-inner>.elementor-widget-spacer,.e-con>.elementor-widget-spacer{width:var(--container-widget-width,var(--spacer-size));--align-self:var(--container-widget-align-self,initial);--flex-shrink:0}.e-con-inner>.elementor-widget-spacer>.elementor-widget-container,.e-con>.elementor-widget-spacer>.elementor-widget-container{height:100%;width:100%}.e-con-inner>.elementor-widget-spacer>.elementor-widget-container>.elementor-spacer,.e-con>.elementor-widget-spacer>.elementor-widget-container>.elementor-spacer{height:100%}.e-con-inner>.elementor-widget-spacer>.elementor-widget-container>.elementor-spacer>.elementor-spacer-inner,.e-con>.elementor-widget-spacer>.elementor-widget-container>.elementor-spacer>.elementor-spacer-inner{height:var(--container-widget-height,var(--spacer-size))}.e-con-inner>.elementor-widget-spacer.elementor-widget-empty,.e-con>.elementor-widget-spacer.elementor-widget-empty{position:relative;min-height:22px;min-width:22px}.e-con-inner>.elementor-widget-spacer.elementor-widget-empty .elementor-widget-empty-icon,.e-con>.elementor-widget-spacer.elementor-widget-empty .elementor-widget-empty-icon{position:absolute;top:0;bottom:0;left:0;right:0;margin:auto;padding:0;width:22px;height:22px}<\/style>\t\t<div class=\"elementor-spacer\">\n\t\t\t<div class=\"elementor-spacer-inner\"><\/div>\n\t\t<\/div>\n\t\t\t\t<\/div>\n\t\t\t\t<\/div>\n\t\t\t\t<div class=\"elementor-element elementor-element-b51a723 elementor-widget elementor-widget-text-editor\" data-id=\"b51a723\" data-element_type=\"widget\" data-widget_type=\"text-editor.default\">\n\t\t\t\t<div class=\"elementor-widget-container\">\n\t\t\t<style>\/*! elementor - v3.21.0 - 26-05-2024 *\/\n.elementor-widget-text-editor.elementor-drop-cap-view-stacked .elementor-drop-cap{background-color:#69727d;color:#fff}.elementor-widget-text-editor.elementor-drop-cap-view-framed .elementor-drop-cap{color:#69727d;border:3px solid;background-color:transparent}.elementor-widget-text-editor:not(.elementor-drop-cap-view-default) .elementor-drop-cap{margin-top:8px}.elementor-widget-text-editor:not(.elementor-drop-cap-view-default) .elementor-drop-cap-letter{width:1em;height:1em}.elementor-widget-text-editor .elementor-drop-cap{float:left;text-align:center;line-height:1;font-size:50px}.elementor-widget-text-editor .elementor-drop-cap-letter{display:inline-block}<\/style>\t\t\t\t<div id=\"Text6LYR\" class=\"TextObject\">\n<p><strong>Mittwochs (Abt. B &amp; C) &#8211; Nach Vereinbarung<\/strong><\/p>\n<p><strong style=\"font-size: 16px; color: var( --e-global-color-text );\">Samstags ab 12:00 Uhr (Abt. B &amp; C)<\/strong><br><\/p>\n<p>F\u00e4hrtenarbeit Sonntags Morgens nach vorheriger Absprache<\/p>\n<p>Ausbildewart: Julia Feige&nbsp;<\/p>\n<p><b>Abteilung A: F\u00e4hrtenarbeit<\/b><\/p>\n<\/div>\n<div id=\"Text8LYR\" class=\"TextObject\">\n<p>F\u00fcr den Hund wird im Gel\u00e4nde (meist Wiese oder Acker) eine Spur gelegt. Diese Spur muss der Hund nach einiger Zeit (Anfangs nur ein paar Minuten) absuchen und sp\u00e4ter die vom F\u00e4hrtenleger \u201cverlorenen\u201d Gegenst\u00e4nde anzeigen. Das Ganze l\u00e4uft nat\u00fcrlich nach vorgegebenen Regeln ab.<\/p>\n<p><b>Abteilung B: Unterordnung<\/b><\/p>\n<p>Hierbei lernt der Hund spielerisch die Gundkommandos \u201cFu\u00df\u201d, \u201cSitz\u201d, \u201cPlatz\u201d und \u201cSteh\u201d.<br>Sp\u00e4ter kommt das Apportieren von Bringh\u00f6lzern auf ebener Erde, H\u00fcrde und Schr\u00e4gwand dazu, sowie das Kommando \u201cVoraus\u201d.<br>Hier wird der Hund bis zu einem bestimmten Punkt weg geschickt vom Hundef\u00fchrer und soll sich dann auf&nbsp; Kommando \u201cPlatz\u201d an der Stelle hinlegen.&nbsp;<br>Au\u00dferdem gibt es noch die Ablage, eine Ruhephase f\u00fcr den Hund, bei der der eigene Hund im Platz liegen bleibt, w\u00e4hrend ein anderer Hund trainiert.<\/p>\n<p><b>Abteilung C: Schutzdienst<\/b><\/p>\n<p>Im Gegensatz zu der in manchen K\u00f6pfen (Laien) verbreiteten Meinung wird der Hund in dieser Sportart keinesfalls \u201cscharf\u201d gemacht. Viel mehr steht hier die Unterordnung also die absolute F\u00fchrigkeit in reizhohen Situationen im Vordergrund.<br>Der nat\u00fcrliche Spiel- und Bewegungstrieb, sowie der Beutetrieb des Hundes werden f\u00fcr die Ausbildung genutzt und eingesetzt. So lernt der Hund hier seine Beute, ein aus Jute \u00fcberzogenes Kissen zu fangen und zu halten.<\/p>\n<\/div>\t\t\t\t\t\t<\/div>\n\t\t\t\t<\/div>\n\t\t\t\t<div class=\"elementor-element elementor-element-650114f elementor-widget elementor-widget-spacer\" data-id=\"650114f\" data-element_type=\"widget\" data-widget_type=\"spacer.default\">\n\t\t\t\t<div class=\"elementor-widget-container\">\n\t\t\t\t\t<div class=\"elementor-spacer\">\n\t\t\t<div class=\"elementor-spacer-inner\"><\/div>\n\t\t<\/div>\n\t\t\t\t<\/div>\n\t\t\t\t<\/div>\n\t\t\t\t\t<\/div>\n\t\t<\/div>\n\t\t\t\t\t<\/div>\n\t\t<\/section>\n\t\t\t\t<\/div>\n\t\t","protected":false},"excerpt":{"rendered":"<p>Offizielle Trainingszeiten des BK-Herzogenrath Mittwochs (Abt. B &amp; C) &#8211; Nach Vereinbarung Samstags ab 12:00 Uhr (Abt. B &amp; C) F\u00e4hrtenarbeit Sonntags Morgens nach vorheriger Absprache Ausbildewart: Julia Feige&nbsp; Abteilung A: F\u00e4hrtenarbeit F\u00fcr den Hund wird im Gel\u00e4nde (meist Wiese oder Acker) eine Spur gelegt. Diese Spur muss der Hund nach einiger Zeit (Anfangs nur [&hellip;]<\/p>\n","protected":false},"author":1,"featured_media":0,"parent":0,"menu_order":0,"comment_status":"closed","ping_status":"closed","template":"","meta":{"ocean_post_layout":"full-screen","ocean_both_sidebars_style":"","ocean_both_sidebars_content_width":0,"ocean_both_sidebars_sidebars_width":0,"ocean_sidebar":"0","ocean_second_sidebar":"0","ocean_disable_margins":"enable","ocean_add_body_class":"","ocean_shortcode_before_top_bar":"","ocean_shortcode_after_top_bar":"","ocean_shortcode_before_header":"","ocean_shortcode_after_header":"","ocean_has_shortcode":"","ocean_shortcode_after_title":"","ocean_shortcode_before_footer_widgets":"","ocean_shortcode_after_footer_widgets":"","ocean_shortcode_before_footer_bottom":"","ocean_shortcode_after_footer_bottom":"","ocean_display_top_bar":"off","ocean_display_header":"default","ocean_header_style":"","ocean_center_header_left_menu":"0","ocean_custom_header_template":"0","ocean_custom_logo":0,"ocean_custom_retina_logo":0,"ocean_custom_logo_max_width":0,"ocean_custom_logo_tablet_max_width":0,"ocean_custom_logo_mobile_max_width":0,"ocean_custom_logo_max_height":0,"ocean_custom_logo_tablet_max_height":0,"ocean_custom_logo_mobile_max_height":0,"ocean_header_custom_menu":"0","ocean_menu_typo_font_family":"0","ocean_menu_typo_font_subset":"","ocean_menu_typo_font_size":0,"ocean_menu_typo_font_size_tablet":0,"ocean_menu_typo_font_size_mobile":0,"ocean_menu_typo_font_size_unit":"px","ocean_menu_typo_font_weight":"","ocean_menu_typo_font_weight_tablet":"","ocean_menu_typo_font_weight_mobile":"","ocean_menu_typo_transform":"","ocean_menu_typo_transform_tablet":"","ocean_menu_typo_transform_mobile":"","ocean_menu_typo_line_height":0,"ocean_menu_typo_line_height_tablet":0,"ocean_menu_typo_line_height_mobile":0,"ocean_menu_typo_line_height_unit":"","ocean_menu_typo_spacing":0,"ocean_menu_typo_spacing_tablet":0,"ocean_menu_typo_spacing_mobile":0,"ocean_menu_typo_spacing_unit":"","ocean_menu_link_color":"","ocean_menu_link_color_hover":"","ocean_menu_link_color_active":"","ocean_menu_link_background":"","ocean_menu_link_hover_background":"","ocean_menu_link_active_background":"","ocean_menu_social_links_bg":"","ocean_menu_social_hover_links_bg":"","ocean_menu_social_links_color":"","ocean_menu_social_hover_links_color":"","ocean_disable_title":"on","ocean_disable_heading":"default","ocean_post_title":"","ocean_post_subheading":"","ocean_post_title_style":"","ocean_post_title_background_color":"","ocean_post_title_background":0,"ocean_post_title_bg_image_position":"","ocean_post_title_bg_image_attachment":"","ocean_post_title_bg_image_repeat":"","ocean_post_title_bg_image_size":"","ocean_post_title_height":0,"ocean_post_title_bg_overlay":0.5,"ocean_post_title_bg_overlay_color":"","ocean_disable_breadcrumbs":"default","ocean_breadcrumbs_color":"","ocean_breadcrumbs_separator_color":"","ocean_breadcrumbs_links_color":"","ocean_breadcrumbs_links_hover_color":"","ocean_display_footer_widgets":"off","ocean_display_footer_bottom":"off","ocean_custom_footer_template":"0","footnotes":""},"class_list":["post-14","page","type-page","status-publish","hentry","entry"],"_links":{"self":[{"href":"https:\/\/boxer-klub-herzogenrath.de\/index.php?rest_route=\/wp\/v2\/pages\/14","targetHints":{"allow":["GET"]}}],"collection":[{"href":"https:\/\/boxer-klub-herzogenrath.de\/index.php?rest_route=\/wp\/v2\/pages"}],"about":[{"href":"https:\/\/boxer-klub-herzogenrath.de\/index.php?rest_route=\/wp\/v2\/types\/page"}],"author":[{"embeddable":true,"href":"https:\/\/boxer-klub-herzogenrath.de\/index.php?rest_route=\/wp\/v2\/users\/1"}],"replies":[{"embeddable":true,"href":"https:\/\/boxer-klub-herzogenrath.de\/index.php?rest_route=%2Fwp%2Fv2%2Fcomments&post=14"}],"version-history":[{"count":1,"href":"https:\/\/boxer-klub-herzogenrath.de\/index.php?rest_route=\/wp\/v2\/pages\/14\/revisions"}],"predecessor-version":[{"id":187,"href":"https:\/\/boxer-klub-herzogenrath.de\/index.php?rest_route=\/wp\/v2\/pages\/14\/revisions\/187"}],"wp:attachment":[{"href":"https:\/\/boxer-klub-herzogenrath.de\/index.php?rest_route=%2Fwp%2Fv2%2Fmedia&parent=14"}],"curies":[{"name":"wp","href":"https:\/\/api.w.org\/{rel}","templated":true}]}}